{"id":9754,"date":"2017-08-30T11:40:57","date_gmt":"2017-08-30T09:40:57","guid":{"rendered":"http:\/\/produktherstellung.de\/wp\/?page_id=634"},"modified":"2017-08-30T11:40:57","modified_gmt":"2017-08-30T09:40:57","slug":"auftragserteilung","status":"publish","type":"page","link":"https:\/\/global-china-sourcing.com\/en\/auftragserteilung\/","title":{"rendered":"Ordering with China Product Manufacturing"},"content":{"rendered":"<p><!-- Duplicate need translation of German please \n\n\n<h3>Wir bieten eine Vielzahl an Produktionsdienstleistungen aus China, zum Beispiel:<\/h3>\n\n\n\n\n<ul>\n \t\n\n<li>Wir beschaffen alle Komponente f\u00fcr ein Produkt<\/li>\n\n\n \t\n\n<li>Wir f\u00fchren Qualit\u00e4tskontrollen durch<\/li>\n\n\n \t\n\n<li>Die durchschnittliche Herstellerrate liegt bei $2.00\/Stunde im Vergleich zu dem Zehnfachen in westlichen L\u00e4ndern.<\/li>\n\n\n \t\n\n<li>Gussformen kosten durchschnittlich 80-90% weniger in China als im Westen, dadurch sind die Einstiegskosten geringer.<\/li>\n\n\n \t\n\n<li>Wir k\u00f6nnen Einzelteile aus mehreren Fabriken beziehen, f\u00fchren die Montage durch und erledigen die Verpackung und Versendung der Produkte. (Ein Produkt unseres Kunden umfasst die Herstellung in 9 verschiedenen ) Unsere Partnerunternehmen\u00a0 in China verwalten den gesamten Herstellungsprozess von Anfang bis Ende.<\/li>\n\n\n \t\n\n<li>Produkte k\u00f6nnen aus einer gro\u00dfen Auswahl an Materialien produziert werden einschlie\u00dflich Kunststoff, Metall, Holz, Gummi, Textilien, Materialien aus Stein, Glas, Keramik und Vieles mehr.<\/li>\n\n\n \t\n\n<li>Konkurrenzf\u00e4hige Preisfestsetzung<\/li>\n\n\n \t\n\n<li>Gro\u00dfe Produktionskapazit\u00e4t.<\/li>\n\n\n<\/ul>\n\n\n\n\n<h2>Qualifizierte Auftragsproduktionsunternehmen bieten eine gro\u00dfe Auswahl an Leistungen:<\/h2>\n\n\n[mtphr_grid span=\"6\" start=\"true\"]\n\n\n<ul>\n \t\n\n<li>Castings<\/li>\n\n\n \t\n\n<li>CNC-Drehen<\/li>\n\n\n \t\n\n<li>CNC-Fr\u00e4sen<\/li>\n\n\n \t\n\n<li>Laser schneiden<\/li>\n\n\n \t\n\n<li>Wasserjet Schleifbearbeitung<\/li>\n\n\n \t\n\n<li>EDM<\/li>\n\n\n \t\n\n<li>Lasergravur und andere Gravur Prozesse<\/li>\n\n\n \t\n\n<li>Elektronik<\/li>\n\n\n \t\n\n<li>Extrusions<\/li>\n\n\n \t\n\n<li>Fabrikation<\/li>\n\n\n \t\n\n<li>Anschliffpr\u00e4paration (CNC, zylindrisch, Form, Zahnrad, Fl\u00e4chen, Gewinde, und weiteres)<\/li>\n\n\n \t\n\n<li>W\u00e4rmebehandlungen<\/li>\n\n\n \t\n\n<li>Veredelungen aller Art (Verchromung. chemische Vernickelung , Verzinkung , Eloxieren , br\u00fcniert , Hartverchromung und vieles mehr)<\/li>\n\n\n \t\n\n<li>Verpackung<\/li>\n\n\n<\/ul>\n\n\n[\/mtphr_grid][mtphr_grid span=\"6\" end=\"true\"]\n\n\n<ul>\n \t\n\n<li>Pulverbeschichtung<\/li>\n\n\n \t\n\n<li>PCB Montage und Komponente<\/li>\n\n\n \t\n\n<li>Kunststoff Spritzguss<\/li>\n\n\n \t\n\n<li>Lackierung<\/li>\n\n\n \t\n\n<li>Thermoforming<\/li>\n\n\n \t\n\n<li>Vakuumform<\/li>\n\n\n \t\n\n<li>Stanzen<\/li>\n\n\n \t\n\n<li>Gummimodelierung<\/li>\n\n\n \t\n\n<li>Schraubenbearbeitung<\/li>\n\n\n \t\n\n<li>Blechbearbeitung<\/li>\n\n\n \t\n\n<li>Stampings<\/li>\n\n\n \t\n\n<li>Rohrfertigung<\/li>\n\n\n \t\n\n<li>Schwei\u00dfen<\/li>\n\n\n \t\n\n<li>Und Vieles mehr<\/li>\n\n\n<\/ul>\n\n\n[\/mtphr_grid]\n\nUnsere Partnerunternehmen\u00a0 in China \u00fcberpr\u00fcfen die Lieferungen. Dar\u00fcber hinaus arbeiten wir eng mit einem unabh\u00e4ngigen Inspektionsunternehmen zusammen welches beauftragt ist Pr\u00fcfungen vor Ort durchzuf\u00fchren und einen ausf\u00fchrlichen Bericht (komplett mit Abbildungen der Produkte) zu erstellen.Wenn Sie uns eine technische Aufzeichnung oder Muster schicken, k\u00f6nnen wir Ihnen einen unverbindlichen Kostenvoranschlag f\u00fcr die Herstellung machen.\n\n\n<h3>Sind sie bereit? Kontaktieren Sie uns jetzt.<\/h3>\n\n--><\/p>\n","protected":false},"excerpt":{"rendered":"","protected":false},"author":3,"featured_media":0,"parent":0,"menu_order":0,"comment_status":"closed","ping_status":"closed","template":"","meta":{"_acf_changed":false,"footnotes":""},"class_list":["post-9754","page","type-page","status-publish","hentry"],"acf":[],"yoast_head":"<!-- This site is optimized with the Yoast SEO plugin v27.2 - https:\/\/yoast.com\/product\/yoast-seo-wordpress\/ -->\n<title>Ordering with China Product Manufacturing - Global Trade Specialists, E.U.<\/title>\n<meta name=\"robots\" content=\"index, follow, max-snippet:-1, max-image-preview:large, max-video-preview:-1\" \/>\n<link rel=\"canonical\" href=\"https:\/\/global-china-sourcing.com\/en\/auftragserteilung\/\" \/>\n<meta property=\"og:locale\" content=\"en_US\" \/>\n<meta property=\"og:type\" content=\"article\" \/>\n<meta property=\"og:title\" content=\"Ordering with China Product Manufacturing - Global Trade Specialists, E.U.\" \/>\n<meta property=\"og:url\" content=\"https:\/\/global-china-sourcing.com\/en\/auftragserteilung\/\" \/>\n<meta property=\"og:site_name\" content=\"Global Trade Specialists, E.U.\" \/>\n<meta name=\"twitter:card\" content=\"summary_large_image\" \/>\n<script type=\"application\/ld+json\" class=\"yoast-schema-graph\">{\"@context\":\"https:\/\/schema.org\",\"@graph\":[{\"@type\":\"WebPage\",\"@id\":\"https:\/\/global-china-sourcing.com\/en\/auftragserteilung\/\",\"url\":\"https:\/\/global-china-sourcing.com\/en\/auftragserteilung\/\",\"name\":\"Ordering with China Product Manufacturing - Global Trade Specialists, E.U.\",\"isPartOf\":{\"@id\":\"https:\/\/global-china-sourcing.com\/en\/#website\"},\"datePublished\":\"2017-08-30T09:40:57+00:00\",\"breadcrumb\":{\"@id\":\"https:\/\/global-china-sourcing.com\/en\/auftragserteilung\/#breadcrumb\"},\"inLanguage\":\"en-US\",\"potentialAction\":[{\"@type\":\"ReadAction\",\"target\":[\"https:\/\/global-china-sourcing.com\/en\/auftragserteilung\/\"]}]},{\"@type\":\"BreadcrumbList\",\"@id\":\"https:\/\/global-china-sourcing.com\/en\/auftragserteilung\/#breadcrumb\",\"itemListElement\":[{\"@type\":\"ListItem\",\"position\":1,\"name\":\"Home\",\"item\":\"https:\/\/global-china-sourcing.com\/en\/\"},{\"@type\":\"ListItem\",\"position\":2,\"name\":\"Ordering with China Product Manufacturing\"}]},{\"@type\":\"WebSite\",\"@id\":\"https:\/\/global-china-sourcing.com\/en\/#website\",\"url\":\"https:\/\/global-china-sourcing.com\/en\/\",\"name\":\"Global Trade Specialists, E.U.\",\"description\":\"erfolgreiche Beschaffung von Produkten aus China nach Europa\",\"publisher\":{\"@id\":\"https:\/\/global-china-sourcing.com\/en\/#organization\"},\"potentialAction\":[{\"@type\":\"SearchAction\",\"target\":{\"@type\":\"EntryPoint\",\"urlTemplate\":\"https:\/\/global-china-sourcing.com\/en\/?s={search_term_string}\"},\"query-input\":{\"@type\":\"PropertyValueSpecification\",\"valueRequired\":true,\"valueName\":\"search_term_string\"}}],\"inLanguage\":\"en-US\"},{\"@type\":\"Organization\",\"@id\":\"https:\/\/global-china-sourcing.com\/en\/#organization\",\"name\":\"Global Trade Specialists, E.U.\",\"url\":\"https:\/\/global-china-sourcing.com\/en\/\",\"logo\":{\"@type\":\"ImageObject\",\"inLanguage\":\"en-US\",\"@id\":\"https:\/\/global-china-sourcing.com\/en\/#\/schema\/logo\/image\/\",\"url\":\"https:\/\/global-china-sourcing.com\/wp-content\/uploads\/2022\/02\/GTS-Logo-square.jpg\",\"contentUrl\":\"https:\/\/global-china-sourcing.com\/wp-content\/uploads\/2022\/02\/GTS-Logo-square.jpg\",\"width\":400,\"height\":400,\"caption\":\"Global Trade Specialists, E.U.\"},\"image\":{\"@id\":\"https:\/\/global-china-sourcing.com\/en\/#\/schema\/logo\/image\/\"}}]}<\/script>\n<!-- \/ Yoast SEO plugin. -->","yoast_head_json":{"title":"Ordering with China Product Manufacturing - Global Trade Specialists, E.U.","robots":{"index":"index","follow":"follow","max-snippet":"max-snippet:-1","max-image-preview":"max-image-preview:large","max-video-preview":"max-video-preview:-1"},"canonical":"https:\/\/global-china-sourcing.com\/en\/auftragserteilung\/","og_locale":"en_US","og_type":"article","og_title":"Ordering with China Product Manufacturing - Global Trade Specialists, E.U.","og_url":"https:\/\/global-china-sourcing.com\/en\/auftragserteilung\/","og_site_name":"Global Trade Specialists, E.U.","twitter_card":"summary_large_image","schema":{"@context":"https:\/\/schema.org","@graph":[{"@type":"WebPage","@id":"https:\/\/global-china-sourcing.com\/en\/auftragserteilung\/","url":"https:\/\/global-china-sourcing.com\/en\/auftragserteilung\/","name":"Ordering with China Product Manufacturing - Global Trade Specialists, E.U.","isPartOf":{"@id":"https:\/\/global-china-sourcing.com\/en\/#website"},"datePublished":"2017-08-30T09:40:57+00:00","breadcrumb":{"@id":"https:\/\/global-china-sourcing.com\/en\/auftragserteilung\/#breadcrumb"},"inLanguage":"en-US","potentialAction":[{"@type":"ReadAction","target":["https:\/\/global-china-sourcing.com\/en\/auftragserteilung\/"]}]},{"@type":"BreadcrumbList","@id":"https:\/\/global-china-sourcing.com\/en\/auftragserteilung\/#breadcrumb","itemListElement":[{"@type":"ListItem","position":1,"name":"Home","item":"https:\/\/global-china-sourcing.com\/en\/"},{"@type":"ListItem","position":2,"name":"Ordering with China Product Manufacturing"}]},{"@type":"WebSite","@id":"https:\/\/global-china-sourcing.com\/en\/#website","url":"https:\/\/global-china-sourcing.com\/en\/","name":"Global Trade Specialists, E.U.","description":"erfolgreiche Beschaffung von Produkten aus China nach Europa","publisher":{"@id":"https:\/\/global-china-sourcing.com\/en\/#organization"},"potentialAction":[{"@type":"SearchAction","target":{"@type":"EntryPoint","urlTemplate":"https:\/\/global-china-sourcing.com\/en\/?s={search_term_string}"},"query-input":{"@type":"PropertyValueSpecification","valueRequired":true,"valueName":"search_term_string"}}],"inLanguage":"en-US"},{"@type":"Organization","@id":"https:\/\/global-china-sourcing.com\/en\/#organization","name":"Global Trade Specialists, E.U.","url":"https:\/\/global-china-sourcing.com\/en\/","logo":{"@type":"ImageObject","inLanguage":"en-US","@id":"https:\/\/global-china-sourcing.com\/en\/#\/schema\/logo\/image\/","url":"https:\/\/global-china-sourcing.com\/wp-content\/uploads\/2022\/02\/GTS-Logo-square.jpg","contentUrl":"https:\/\/global-china-sourcing.com\/wp-content\/uploads\/2022\/02\/GTS-Logo-square.jpg","width":400,"height":400,"caption":"Global Trade Specialists, E.U."},"image":{"@id":"https:\/\/global-china-sourcing.com\/en\/#\/schema\/logo\/image\/"}}]}},"_links":{"self":[{"href":"https:\/\/global-china-sourcing.com\/en\/wp-json\/wp\/v2\/pages\/9754","targetHints":{"allow":["GET"]}}],"collection":[{"href":"https:\/\/global-china-sourcing.com\/en\/wp-json\/wp\/v2\/pages"}],"about":[{"href":"https:\/\/global-china-sourcing.com\/en\/wp-json\/wp\/v2\/types\/page"}],"author":[{"embeddable":true,"href":"https:\/\/global-china-sourcing.com\/en\/wp-json\/wp\/v2\/users\/3"}],"replies":[{"embeddable":true,"href":"https:\/\/global-china-sourcing.com\/en\/wp-json\/wp\/v2\/comments?post=9754"}],"version-history":[{"count":0,"href":"https:\/\/global-china-sourcing.com\/en\/wp-json\/wp\/v2\/pages\/9754\/revisions"}],"wp:attachment":[{"href":"https:\/\/global-china-sourcing.com\/en\/wp-json\/wp\/v2\/media?parent=9754"}],"curies":[{"name":"wp","href":"https:\/\/api.w.org\/{rel}","templated":true}]}}